{"id":59,"date":"2023-12-29T15:49:59","date_gmt":"2023-12-29T15:49:59","guid":{"rendered":"https:\/\/redcompafeminista.org\/?page_id=59"},"modified":"2024-08-16T18:07:52","modified_gmt":"2024-08-16T18:07:52","slug":"que-hacemos","status":"publish","type":"page","link":"https:\/\/redcompafeminista.org\/pt\/que-hacemos\/","title":{"rendered":"O que fazemos"},"content":{"rendered":"<div data-elementor-type=\"wp-page\" data-elementor-id=\"59\" class=\"elementor elementor-59\" data-elementor-post-type=\"page\">\n\t\t\t\t<div data-particle_enable=\"false\" data-particle-mobile-disabled=\"false\" class=\"elementor-element elementor-element-1d6fd3c e-flex e-con-boxed e-con e-parent\" data-id=\"1d6fd3c\" data-element_type=\"container\" data-e-type=\"container\" data-settings=\"{&quot;background_background&quot;:&quot;classic&quot;}\">\n\t\t\t\t\t<div class=\"e-con-inner\">\n\t\t<div data-particle_enable=\"false\" data-particle-mobile-disabled=\"false\" class=\"elementor-element elementor-element-9c0e14c e-flex e-con-boxed e-con e-child\" data-id=\"9c0e14c\" data-element_type=\"container\" data-e-type=\"container\">\n\t\t\t\t\t<div class=\"e-con-inner\">\n\t\t\t\t<div class=\"elementor-element elementor-element-dbf79ef elementor-widget elementor-widget-heading\" data-id=\"dbf79ef\" data-element_type=\"widget\" data-e-type=\"widget\" data-widget_type=\"heading.default\">\n\t\t\t\t<div class=\"elementor-widget-container\">\n\t\t\t\t\t<h2 class=\"elementor-heading-title elementor-size-default\">O que devemos fazer?<\/h2>\t\t\t\t<\/div>\n\t\t\t\t<\/div>\n\t\t\t\t<div class=\"elementor-element elementor-element-91ca0a6 elementor-widget elementor-widget-text-editor\" data-id=\"91ca0a6\" data-element_type=\"widget\" data-e-type=\"widget\" data-widget_type=\"text-editor.default\">\n\t\t\t\t<div class=\"elementor-widget-container\">\n\t\t\t\t\t\t\t\t\t<p>Estamos lutando para que a Am\u00e9rica Latina e o Caribe se tornem um territ\u00f3rio onde as mulheres e pessoas com capacidade de abortar possam faz\u00ea-lo com autonomia, acompanhadas por feministas que promovem o aborto livre e as acompanham com base na justi\u00e7a social, felicidade, prazer e alegria.<\/p><p>Por esse motivo, a Rede Compa\u00f1era \u00e9 um espa\u00e7o de fortalecimento, interc\u00e2mbio e articula\u00e7\u00e3o entre os coletivos\/redes\/organiza\u00e7\u00f5es de acompanhantes de aborto na Am\u00e9rica Latina e no Caribe, a fim de nos unirmos, fortalecermos e melhorarmos a forma como acompanhamos o aborto medicamentoso e, ao mesmo tempo, influenciarmos estrategicamente os debates para a descriminaliza\u00e7\u00e3o\/legaliza\u00e7\u00e3o do aborto em cada um de nossos territ\u00f3rios.<\/p>\t\t\t\t\t\t\t\t<\/div>\n\t\t\t\t<\/div>\n\t\t\t\t\t<\/div>\n\t\t\t\t<\/div>\n\t\t\t\t\t<\/div>\n\t\t\t\t<\/div>\n\t\t<div data-particle_enable=\"false\" data-particle-mobile-disabled=\"false\" class=\"elementor-element elementor-element-9bd95c5 e-con-full e-flex e-con e-parent\" data-id=\"9bd95c5\" data-element_type=\"container\" data-e-type=\"container\" data-settings=\"{&quot;background_background&quot;:&quot;classic&quot;}\">\n\t\t<div data-particle_enable=\"false\" data-particle-mobile-disabled=\"false\" class=\"elementor-element elementor-element-b7109b0 e-con-full e-flex e-con e-child\" data-id=\"b7109b0\" data-element_type=\"container\" data-e-type=\"container\">\n\t\t<div data-particle_enable=\"false\" data-particle-mobile-disabled=\"false\" class=\"elementor-element elementor-element-b12cf6b e-con-full e-flex e-con e-child\" data-id=\"b12cf6b\" data-element_type=\"container\" data-e-type=\"container\">\n\t\t\t\t<div class=\"elementor-element elementor-element-a398d15 elementor-widget elementor-widget-heading\" data-id=\"a398d15\" data-element_type=\"widget\" data-e-type=\"widget\" data-widget_type=\"heading.default\">\n\t\t\t\t<div class=\"elementor-widget-container\">\n\t\t\t\t\t<h2 class=\"elementor-heading-title elementor-size-default\">Fortalecimento da rede de parceiros<\/h2>\t\t\t\t<\/div>\n\t\t\t\t<\/div>\n\t\t\t\t<\/div>\n\t\t<div data-particle_enable=\"false\" data-particle-mobile-disabled=\"false\" class=\"elementor-element elementor-element-36160a9 e-con-full e-flex e-con e-child\" data-id=\"36160a9\" data-element_type=\"container\" data-e-type=\"container\" data-settings=\"{&quot;background_background&quot;:&quot;classic&quot;}\">\n\t\t\t\t<\/div>\n\t\t<div data-particle_enable=\"false\" data-particle-mobile-disabled=\"false\" class=\"elementor-element elementor-element-6a46f5f e-flex e-con-boxed e-con e-child\" data-id=\"6a46f5f\" data-element_type=\"container\" data-e-type=\"container\">\n\t\t\t\t\t<div class=\"e-con-inner\">\n\t\t\t\t<div class=\"elementor-element elementor-element-2a67b02 elementor-widget elementor-widget-text-editor\" data-id=\"2a67b02\" data-element_type=\"widget\" data-e-type=\"widget\" data-widget_type=\"text-editor.default\">\n\t\t\t\t<div class=\"elementor-widget-container\">\n\t\t\t\t\t\t\t\t\t<p>Desenvolver estrat\u00e9gias conjuntas e respostas coletivas, entendendo que esse processo n\u00e3o \u00e9 unilateral, mas se baseia na possibilidade de que todos n\u00f3s que fazemos parte da Rede possamos contribuir e ter um senso de pertencimento com base na vida cotidiana em cada um dos territ\u00f3rios onde h\u00e1 grupos nacionais que fazem parte dela.<\/p>\t\t\t\t\t\t\t\t<\/div>\n\t\t\t\t<\/div>\n\t\t\t\t\t<\/div>\n\t\t\t\t<\/div>\n\t\t\t\t<\/div>\n\t\t\t\t<\/div>\n\t\t<div data-particle_enable=\"false\" data-particle-mobile-disabled=\"false\" class=\"elementor-element elementor-element-5e4f5d4 e-con-full e-flex e-con e-parent\" data-id=\"5e4f5d4\" data-element_type=\"container\" data-e-type=\"container\" data-settings=\"{&quot;background_background&quot;:&quot;classic&quot;}\">\n\t\t<div data-particle_enable=\"false\" data-particle-mobile-disabled=\"false\" class=\"elementor-element elementor-element-0851343 e-con-full e-flex e-con e-child\" data-id=\"0851343\" data-element_type=\"container\" data-e-type=\"container\">\n\t\t<div data-particle_enable=\"false\" data-particle-mobile-disabled=\"false\" class=\"elementor-element elementor-element-803e78c e-con-full e-flex e-con e-child\" data-id=\"803e78c\" data-element_type=\"container\" data-e-type=\"container\">\n\t\t\t\t<div class=\"elementor-element elementor-element-1d37b3c elementor-widget elementor-widget-heading\" data-id=\"1d37b3c\" data-element_type=\"widget\" data-e-type=\"widget\" data-widget_type=\"heading.default\">\n\t\t\t\t<div class=\"elementor-widget-container\">\n\t\t\t\t\t<h2 class=\"elementor-heading-title elementor-size-default\">Acompanhando-nos para acompanhar<\/h2>\t\t\t\t<\/div>\n\t\t\t\t<\/div>\n\t\t\t\t<\/div>\n\t\t<div data-particle_enable=\"false\" data-particle-mobile-disabled=\"false\" class=\"elementor-element elementor-element-bc89c61 e-con-full e-flex e-con e-child\" data-id=\"bc89c61\" data-element_type=\"container\" data-e-type=\"container\" data-settings=\"{&quot;background_background&quot;:&quot;classic&quot;}\">\n\t\t\t\t<\/div>\n\t\t<div data-particle_enable=\"false\" data-particle-mobile-disabled=\"false\" class=\"elementor-element elementor-element-fcdb8bd e-flex e-con-boxed e-con e-child\" data-id=\"fcdb8bd\" data-element_type=\"container\" data-e-type=\"container\">\n\t\t\t\t\t<div class=\"e-con-inner\">\n\t\t\t\t<div class=\"elementor-element elementor-element-fbb7c14 elementor-widget elementor-widget-text-editor\" data-id=\"fbb7c14\" data-element_type=\"widget\" data-e-type=\"widget\" data-widget_type=\"text-editor.default\">\n\t\t\t\t<div class=\"elementor-widget-container\">\n\t\t\t\t\t\t\t\t\t<p>Gerar espa\u00e7os de interc\u00e2mbio, aprendizado conjunto e fortalecimento das capacidades de todos os grupos que comp\u00f5em a Rede Compa\u00f1era, o que nos permitir\u00e1 melhorar a forma como acompanhamos os abortos em nossos territ\u00f3rios.<\/p><p>Essa prioridade tamb\u00e9m se refere ao acompanhamento, como Red Compa\u00f1era, das a\u00e7\u00f5es de advocacia pol\u00edtica e p\u00fablica em cada pa\u00eds, quando h\u00e1 debates sobre a possibilidade de avan\u00e7ar ou recuar em rela\u00e7\u00e3o ao aborto.<\/p><p>Tamb\u00e9m se refere ao processo pelo qual a confian\u00e7a gera apoio, por meio da possibilidade de ver nas a\u00e7\u00f5es de cada grupo nosso alcance regional para garantir abortos seguros, cuidadosos e feministas em cada territ\u00f3rio.<\/p>\t\t\t\t\t\t\t\t<\/div>\n\t\t\t\t<\/div>\n\t\t\t\t\t<\/div>\n\t\t\t\t<\/div>\n\t\t\t\t<\/div>\n\t\t\t\t<\/div>\n\t\t<div data-particle_enable=\"false\" data-particle-mobile-disabled=\"false\" class=\"elementor-element elementor-element-e72d4e4 e-con-full e-flex e-con e-parent\" data-id=\"e72d4e4\" data-element_type=\"container\" data-e-type=\"container\" data-settings=\"{&quot;background_background&quot;:&quot;classic&quot;}\">\n\t\t<div data-particle_enable=\"false\" data-particle-mobile-disabled=\"false\" class=\"elementor-element elementor-element-79244c7 e-con-full e-flex e-con e-child\" data-id=\"79244c7\" data-element_type=\"container\" data-e-type=\"container\">\n\t\t<div data-particle_enable=\"false\" data-particle-mobile-disabled=\"false\" class=\"elementor-element elementor-element-7599828 e-con-full e-flex e-con e-child\" data-id=\"7599828\" data-element_type=\"container\" data-e-type=\"container\">\n\t\t\t\t<div class=\"elementor-element elementor-element-b1c9879 elementor-widget elementor-widget-heading\" data-id=\"b1c9879\" data-element_type=\"widget\" data-e-type=\"widget\" data-widget_type=\"heading.default\">\n\t\t\t\t<div class=\"elementor-widget-container\">\n\t\t\t\t\t<h2 class=\"elementor-heading-title elementor-size-default\">Gera\u00e7\u00e3o de conhecimento<\/h2>\t\t\t\t<\/div>\n\t\t\t\t<\/div>\n\t\t\t\t<\/div>\n\t\t<div data-particle_enable=\"false\" data-particle-mobile-disabled=\"false\" class=\"elementor-element elementor-element-f8507b7 e-con-full e-flex e-con e-child\" data-id=\"f8507b7\" data-element_type=\"container\" data-e-type=\"container\" data-settings=\"{&quot;background_background&quot;:&quot;classic&quot;}\">\n\t\t\t\t<\/div>\n\t\t<div data-particle_enable=\"false\" data-particle-mobile-disabled=\"false\" class=\"elementor-element elementor-element-8fa7419 e-flex e-con-boxed e-con e-child\" data-id=\"8fa7419\" data-element_type=\"container\" data-e-type=\"container\">\n\t\t\t\t\t<div class=\"e-con-inner\">\n\t\t\t\t<div class=\"elementor-element elementor-element-be4b673 elementor-widget elementor-widget-text-editor\" data-id=\"be4b673\" data-element_type=\"widget\" data-e-type=\"widget\" data-widget_type=\"text-editor.default\">\n\t\t\t\t<div class=\"elementor-widget-container\">\n\t\t\t\t\t\t\t\t\t<div class=\"uk-panel uk-margin uk-scrollspy-inview\">A partir da Rede Compa\u00f1era, queremos estar em espa\u00e7os pol\u00edticos regionais e globais onde o conhecimento relacionado ao aborto esteja sendo debatido. Esse componente refere-se \u00e0 capacidade de gerar:<br \/><br \/><\/div><ul class=\"uk-list uk-list-circle uk-scrollspy-inview\"><li class=\"el-item\"><div class=\"el-content uk-panel\">Publica\u00e7\u00f5es conjuntas.<\/div><\/li><li class=\"el-item\"><div class=\"el-content uk-panel\">Sistematiza\u00e7\u00e3o de dados regionais sobre aborto.<\/div><\/li><li class=\"el-item\"><div class=\"el-content uk-panel\">Gera\u00e7\u00e3o de evid\u00eancias a partir de nossa pr\u00e1tica di\u00e1ria como acompanhantes de abortos m\u00e9dicos.<\/div><\/li><li class=\"el-item\"><div class=\"el-content uk-panel\">Gerar conhecimento que nos permita recuperar o aborto como uma pr\u00e1tica normal e cotidiana, a fim de criar um discurso positivo em torno dele.<\/div><\/li><\/ul>\t\t\t\t\t\t\t\t<\/div>\n\t\t\t\t<\/div>\n\t\t\t\t\t<\/div>\n\t\t\t\t<\/div>\n\t\t\t\t<\/div>\n\t\t\t\t<\/div>\n\t\t<div data-particle_enable=\"false\" data-particle-mobile-disabled=\"false\" class=\"elementor-element elementor-element-2660bd9 e-flex e-con-boxed e-con e-parent\" data-id=\"2660bd9\" data-element_type=\"container\" data-e-type=\"container\" data-settings=\"{&quot;background_background&quot;:&quot;classic&quot;}\">\n\t\t\t\t\t<div class=\"e-con-inner\">\n\t\t\t\t<div class=\"elementor-element elementor-element-63a7756 elementor-widget elementor-widget-heading\" data-id=\"63a7756\" data-element_type=\"widget\" data-e-type=\"widget\" data-widget_type=\"heading.default\">\n\t\t\t\t<div class=\"elementor-widget-container\">\n\t\t\t\t\t<h2 class=\"elementor-heading-title elementor-size-default\">Declara\u00e7\u00f5es<\/h2>\t\t\t\t<\/div>\n\t\t\t\t<\/div>\n\t\t\t\t<div class=\"elementor-element elementor-element-7fd2efc elementor-widget elementor-widget-text-editor\" data-id=\"7fd2efc\" data-element_type=\"widget\" data-e-type=\"widget\" data-widget_type=\"text-editor.default\">\n\t\t\t\t<div class=\"elementor-widget-container\">\n\t\t\t\t\t\t\t\t\t<p>Nossas Declara\u00e7\u00f5es Pol\u00edticas s\u00e3o elaboradas em cada reuni\u00e3o regional que realizamos como Rede de Parceiros.<\/p>\t\t\t\t\t\t\t\t<\/div>\n\t\t\t\t<\/div>\n\t\t<div data-particle_enable=\"false\" data-particle-mobile-disabled=\"false\" class=\"elementor-element elementor-element-ef92841 e-flex e-con-boxed e-con e-child\" data-id=\"ef92841\" data-element_type=\"container\" data-e-type=\"container\">\n\t\t\t\t\t<div class=\"e-con-inner\">\n\t\t\t\t<div class=\"elementor-element elementor-element-c42ddd5 elementor-grid-eael-col-3 elementor-grid-tablet-eael-col-2 elementor-grid-mobile-eael-col-1 elementor-widget elementor-widget-eael-post-grid\" data-id=\"c42ddd5\" data-element_type=\"widget\" data-e-type=\"widget\" data-settings=\"{&quot;eael_post_grid_columns&quot;:&quot;eael-col-3&quot;,&quot;eael_post_grid_columns_tablet&quot;:&quot;eael-col-2&quot;,&quot;eael_post_grid_columns_mobile&quot;:&quot;eael-col-1&quot;}\" data-widget_type=\"eael-post-grid.default\">\n\t\t\t\t<div class=\"elementor-widget-container\">\n\t\t\t\t\t<div id=\"eael-post-grid-c42ddd5\" class=\"eael-post-grid-container\">\n            <div class=\"eael-post-grid eael-post-appender eael-post-appender-c42ddd5 eael-post-grid-style-one\" data-layout-mode=\"masonry\"><article class=\"eael-grid-post  eael-post-grid-column eael-pg-post-3834 category-declaraciones tags-aborto-aborto-latinoamerica-aborto-legal-y-gratuidto-acompanantes-red-companera\" data-id=\"3834\">\n        <div class=\"eael-grid-post-holder\">\n            <div class=\"eael-grid-post-holder-inner\"><div class=\"eael-entry-media\"><div class=\"eael-entry-overlay fade-in\"><i class=\"fas fa-long-arrow-alt-right\" aria-hidden=\"true\"><\/i><a href=\"https:\/\/redcompafeminista.org\/pt\/4ta-asamblea-presencial-de-la-red-companera-bogota-colombia-mayo-2024\/\"><\/a><\/div><div class=\"eael-entry-thumbnail\">\n                <img fetchpriority=\"high\" decoding=\"async\" width=\"300\" height=\"171\" src=\"https:\/\/redcompafeminista.org\/wp-content\/uploads\/2024\/06\/IMG_1240-Mejorado-NR-300x171.png\" class=\"attachment-medium size-medium wp-image-4007\" alt=\"Encuentro Regional Red Compa\u00f1era\" srcset=\"https:\/\/redcompafeminista.org\/wp-content\/uploads\/2024\/06\/IMG_1240-Mejorado-NR-300x171.png 300w, https:\/\/redcompafeminista.org\/wp-content\/uploads\/2024\/06\/IMG_1240-Mejorado-NR-768x439.png 768w, https:\/\/redcompafeminista.org\/wp-content\/uploads\/2024\/06\/IMG_1240-Mejorado-NR.png 1000w\" sizes=\"(max-width: 300px) 100vw, 300px\" \/>\n            <\/div>\n        <\/div><div class=\"eael-entry-wrapper\"><header class=\"eael-entry-header\"><h2 class=\"eael-entry-title\"><a class=\"eael-grid-post-link\" href=\"https:\/\/redcompafeminista.org\/pt\/4ta-asamblea-presencial-de-la-red-companera-bogota-colombia-mayo-2024\/\" title=\"4\u00aa Assembleia Presencial da Rede de Parceiros\">4\u00aa Assembleia Presencial da Rede de Parceiros<\/a><\/h2><\/header><div class=\"eael-entry-header-after\"><div class=\"eael-entry-meta\"><span class=\"eael-posted-on\"><time datetime=\"junho 6, 2024\">6 de junho de 2024<\/time><\/span><\/div><\/div><div class=\"eael-entry-content\">\n                        <div class=\"eael-grid-post-excerpt\"><p>Bogot\u00e1 - Col\u00f4mbia - Maio de 2024 COM O HORIZONTE DO ABORTO LIVRE, ABRIMOS O TECIDO...<\/p><a href=\"https:\/\/redcompafeminista.org\/pt\/4ta-asamblea-presencial-de-la-red-companera-bogota-colombia-mayo-2024\/\" class=\"eael-post-elements-readmore-btn\">Leia mais<\/a><\/div>\n                    <\/div><\/div><\/div>\n        <\/div>\n    <\/article><article class=\"eael-grid-post  eael-post-grid-column eael-pg-post-2463 category-declaraciones\" data-id=\"2463\">\n        <div class=\"eael-grid-post-holder\">\n            <div class=\"eael-grid-post-holder-inner\"><div class=\"eael-entry-media\"><div class=\"eael-entry-overlay fade-in\"><i class=\"fas fa-long-arrow-alt-right\" aria-hidden=\"true\"><\/i><a href=\"https:\/\/redcompafeminista.org\/pt\/declaracion-politica-quienes-somos\/\"><\/a><\/div><div class=\"eael-entry-thumbnail\">\n                <img decoding=\"async\" width=\"300\" height=\"200\" src=\"https:\/\/redcompafeminista.org\/wp-content\/uploads\/2024\/01\/slide2-300x200.png\" class=\"attachment-medium size-medium wp-image-3139\" alt=\"\" srcset=\"https:\/\/redcompafeminista.org\/wp-content\/uploads\/2024\/01\/slide2-300x200.png 300w, https:\/\/redcompafeminista.org\/wp-content\/uploads\/2024\/01\/slide2-768x512.png 768w, https:\/\/redcompafeminista.org\/wp-content\/uploads\/2024\/01\/slide2.png 900w\" sizes=\"(max-width: 300px) 100vw, 300px\" \/>\n            <\/div>\n        <\/div><div class=\"eael-entry-wrapper\"><header class=\"eael-entry-header\"><h2 class=\"eael-entry-title\"><a class=\"eael-grid-post-link\" href=\"https:\/\/redcompafeminista.org\/pt\/declaracion-politica-quienes-somos\/\" title=\"Declara\u00e7\u00e3o pol\u00edtica: Quem somos n\u00f3s?\">Declara\u00e7\u00e3o pol\u00edtica: Quem somos n\u00f3s?<\/a><\/h2><\/header><div class=\"eael-entry-header-after\"><div class=\"eael-entry-meta\"><span class=\"eael-posted-on\"><time datetime=\"janeiro 18, 2020\">18 de janeiro de 2020<\/time><\/span><\/div><\/div><div class=\"eael-entry-content\">\n                        <div class=\"eael-grid-post-excerpt\"><p>Somos uma rede latino-americana e caribenha de organiza\u00e7\u00f5es\/coletivos e redes feministas e lesbofeministas que acompanham...<\/p><a href=\"https:\/\/redcompafeminista.org\/pt\/declaracion-politica-quienes-somos\/\" class=\"eael-post-elements-readmore-btn\">Leia mais<\/a><\/div>\n                    <\/div><\/div><\/div>\n        <\/div>\n    <\/article><article class=\"eael-grid-post  eael-post-grid-column eael-pg-post-2456 category-declaraciones\" data-id=\"2456\">\n        <div class=\"eael-grid-post-holder\">\n            <div class=\"eael-grid-post-holder-inner\"><div class=\"eael-entry-media\"><div class=\"eael-entry-overlay fade-in\"><i class=\"fas fa-long-arrow-alt-right\" aria-hidden=\"true\"><\/i><a href=\"https:\/\/redcompafeminista.org\/pt\/28-de-setembro-primeira-declaracao-da-rede-feminista-latino-americana-e-caribenha-de-acompanhantes-de-abortos\/\"><\/a><\/div><div class=\"eael-entry-thumbnail\">\n                <img decoding=\"async\" width=\"300\" height=\"200\" src=\"https:\/\/redcompafeminista.org\/wp-content\/uploads\/2024\/01\/slide3-1-300x200.png\" class=\"attachment-medium size-medium wp-image-3149\" alt=\"\" srcset=\"https:\/\/redcompafeminista.org\/wp-content\/uploads\/2024\/01\/slide3-1-300x200.png 300w, https:\/\/redcompafeminista.org\/wp-content\/uploads\/2024\/01\/slide3-1-768x512.png 768w, https:\/\/redcompafeminista.org\/wp-content\/uploads\/2024\/01\/slide3-1.png 900w\" sizes=\"(max-width: 300px) 100vw, 300px\" \/>\n            <\/div>\n        <\/div><div class=\"eael-entry-wrapper\"><header class=\"eael-entry-header\"><h2 class=\"eael-entry-title\"><a class=\"eael-grid-post-link\" href=\"https:\/\/redcompafeminista.org\/pt\/28-de-setembro-primeira-declaracao-da-rede-feminista-latino-americana-e-caribenha-de-acompanhantes-de-abortos\/\" title=\"28 de setembro: Primeira Declara\u00e7\u00e3o da Rede Feminista Latino-americana e Caribenha de Acompanhantes de Abortos\">28 de setembro: Primeira Declara\u00e7\u00e3o da Rede Feminista Latino-americana e Caribenha de Acompanhantes de Abortos<\/a><\/h2><\/header><div class=\"eael-entry-header-after\"><div class=\"eael-entry-meta\"><span class=\"eael-posted-on\"><time datetime=\"setembro 28, 2018\">28 de setembro de 2018<\/time><\/span><\/div><\/div><div class=\"eael-entry-content\">\n                        <div class=\"eael-grid-post-excerpt\"><p>En todo el mundo y especialmente en el territorio que habitamos, Abya Yala y el...<\/p><a href=\"https:\/\/redcompafeminista.org\/pt\/28-de-setembro-primeira-declaracao-da-rede-feminista-latino-americana-e-caribenha-de-acompanhantes-de-abortos\/\" class=\"eael-post-elements-readmore-btn\">Leia mais<\/a><\/div>\n                    <\/div><\/div><\/div>\n        <\/div>\n    <\/article><\/div>\n            <div class=\"clearfix\"><\/div>\n        <\/div>\t\t\t\t<\/div>\n\t\t\t\t<\/div>\n\t\t\t\t\t<\/div>\n\t\t\t\t<\/div>\n\t\t\t\t\t<\/div>\n\t\t\t\t<\/div>\n\t\t\t\t<\/div>","protected":false},"excerpt":{"rendered":"<p>\u00bfQu\u00e9 hacemos? Luchamos para que Am\u00e9rica Latina y El Caribe, sea un territorio en d\u00f3nde las mujeres y las personas con capacidad de abortar pueden hacerlo con autonom\u00eda, acompa\u00f1adas por feministas que promueven el aborto libre y acompa\u00f1an desde la justicia social, la felicidad, el placer y el gozo. Por eso, la Red Compa\u00f1era, es [&hellip;]<\/p>\n","protected":false},"author":1,"featured_media":0,"parent":0,"menu_order":0,"comment_status":"closed","ping_status":"closed","template":"elementor_header_footer","meta":{"_acf_changed":false,"footnotes":""},"class_list":["post-59","page","type-page","status-publish","hentry"],"acf":[],"_links":{"self":[{"href":"https:\/\/redcompafeminista.org\/pt\/wp-json\/wp\/v2\/pages\/59","targetHints":{"allow":["GET"]}}],"collection":[{"href":"https:\/\/redcompafeminista.org\/pt\/wp-json\/wp\/v2\/pages"}],"about":[{"href":"https:\/\/redcompafeminista.org\/pt\/wp-json\/wp\/v2\/types\/page"}],"author":[{"embeddable":true,"href":"https:\/\/redcompafeminista.org\/pt\/wp-json\/wp\/v2\/users\/1"}],"replies":[{"embeddable":true,"href":"https:\/\/redcompafeminista.org\/pt\/wp-json\/wp\/v2\/comments?post=59"}],"version-history":[{"count":14,"href":"https:\/\/redcompafeminista.org\/pt\/wp-json\/wp\/v2\/pages\/59\/revisions"}],"predecessor-version":[{"id":4087,"href":"https:\/\/redcompafeminista.org\/pt\/wp-json\/wp\/v2\/pages\/59\/revisions\/4087"}],"wp:attachment":[{"href":"https:\/\/redcompafeminista.org\/pt\/wp-json\/wp\/v2\/media?parent=59"}],"curies":[{"name":"wp","href":"https:\/\/api.w.org\/{rel}","templated":true}]}}