{"id":61,"date":"2023-12-29T15:50:32","date_gmt":"2023-12-29T15:50:32","guid":{"rendered":"https:\/\/redcompafeminista.org\/?page_id=61"},"modified":"2024-08-16T19:10:39","modified_gmt":"2024-08-16T19:10:39","slug":"noticias","status":"publish","type":"page","link":"https:\/\/redcompafeminista.org\/en\/noticias\/","title":{"rendered":"News"},"content":{"rendered":"<div data-elementor-type=\"wp-page\" data-elementor-id=\"61\" class=\"elementor elementor-61\" data-elementor-post-type=\"page\">\n\t\t\t\t<div data-particle_enable=\"false\" data-particle-mobile-disabled=\"false\" class=\"elementor-element elementor-element-d17aad8 e-con-full e-flex e-con e-parent\" data-id=\"d17aad8\" data-element_type=\"container\" data-e-type=\"container\" data-settings=\"{&quot;background_background&quot;:&quot;classic&quot;}\">\n\t\t<div data-particle_enable=\"false\" data-particle-mobile-disabled=\"false\" class=\"elementor-element elementor-element-7db2205 e-con-full e-flex e-con e-child\" data-id=\"7db2205\" data-element_type=\"container\" data-e-type=\"container\">\n\t\t<div data-particle_enable=\"false\" data-particle-mobile-disabled=\"false\" class=\"elementor-element elementor-element-3d2eff9 e-con-full e-flex e-con e-child\" data-id=\"3d2eff9\" data-element_type=\"container\" data-e-type=\"container\">\n\t\t\t\t<div class=\"elementor-element elementor-element-2748339 elementor-widget elementor-widget-heading\" data-id=\"2748339\" data-element_type=\"widget\" data-e-type=\"widget\" data-widget_type=\"heading.default\">\n\t\t\t\t<div class=\"elementor-widget-container\">\n\t\t\t\t\t<h2 class=\"elementor-heading-title elementor-size-default\">News<\/h2>\t\t\t\t<\/div>\n\t\t\t\t<\/div>\n\t\t\t\t<div class=\"elementor-element elementor-element-0e845f8 elementor-icon-list--layout-inline elementor-align-start elementor-list-item-link-full_width elementor-widget elementor-widget-icon-list\" data-id=\"0e845f8\" data-element_type=\"widget\" data-e-type=\"widget\" data-widget_type=\"icon-list.default\">\n\t\t\t\t<div class=\"elementor-widget-container\">\n\t\t\t\t\t\t\t<ul class=\"elementor-icon-list-items elementor-inline-items\">\n\t\t\t\t\t\t\t<li class=\"elementor-icon-list-item elementor-inline-item\">\n\t\t\t\t\t\t\t\t\t\t\t<a href=\"https:\/\/redcompafeminista.org\/en\/category\/voces\/\">\n\n\t\t\t\t\t\t\t\t\t\t\t<span class=\"elementor-icon-list-text\">Accompanying Voices<\/span>\n\t\t\t\t\t\t\t\t\t\t\t<\/a>\n\t\t\t\t\t\t\t\t\t<\/li>\n\t\t\t\t\t\t\t\t<li class=\"elementor-icon-list-item elementor-inline-item\">\n\t\t\t\t\t\t\t\t\t\t\t<a href=\"https:\/\/redcompafeminista.org\/en\/category\/declaraciones\/\">\n\n\t\t\t\t\t\t\t\t\t\t\t<span class=\"elementor-icon-list-text\">Statements<\/span>\n\t\t\t\t\t\t\t\t\t\t\t<\/a>\n\t\t\t\t\t\t\t\t\t<\/li>\n\t\t\t\t\t\t<\/ul>\n\t\t\t\t\t\t<\/div>\n\t\t\t\t<\/div>\n\t\t\t\t<\/div>\n\t\t\t\t<\/div>\n\t\t\t\t<\/div>\n\t\t<div data-particle_enable=\"false\" data-particle-mobile-disabled=\"false\" class=\"elementor-element elementor-element-1cb2ab7 e-flex e-con-boxed e-con e-parent\" data-id=\"1cb2ab7\" data-element_type=\"container\" data-e-type=\"container\" data-settings=\"{&quot;background_background&quot;:&quot;classic&quot;}\">\n\t\t\t\t\t<div class=\"e-con-inner\">\n\t\t\t\t<div class=\"elementor-element elementor-element-8550e47 elementor-grid-eael-col-3 elementor-grid-tablet-eael-col-2 elementor-grid-mobile-eael-col-1 elementor-widget elementor-widget-eael-post-grid\" data-id=\"8550e47\" data-element_type=\"widget\" data-e-type=\"widget\" data-settings=\"{&quot;eael_post_grid_columns&quot;:&quot;eael-col-3&quot;,&quot;eael_post_grid_columns_tablet&quot;:&quot;eael-col-2&quot;,&quot;eael_post_grid_columns_mobile&quot;:&quot;eael-col-1&quot;}\" data-widget_type=\"eael-post-grid.default\">\n\t\t\t\t<div class=\"elementor-widget-container\">\n\t\t\t\t\t<div id=\"eael-post-grid-8550e47\" class=\"eael-post-grid-container\">\n            <div class=\"eael-post-grid eael-post-appender eael-post-appender-8550e47 eael-post-grid-style-two\" data-layout-mode=\"masonry\"><article class=\"eael-grid-post  eael-post-grid-column eael-pg-post-4189 category-voces tags-aborto-aborto-latinoamerica-aborto-legal-y-gratuidto-aborto-acompanamiento-de-abortos-alegria-aborto-tardio-acompanantes-red-companera\" data-id=\"4189\">\n    <div class=\"eael-grid-post-holder\">\n        <div class=\"eael-grid-post-holder-inner\"><div class=\"eael-entry-media\"><div class=\"eael-entry-overlay fade-in\"><i class=\"fas fa-long-arrow-alt-right\" aria-hidden=\"true\"><\/i><a href=\"https:\/\/redcompafeminista.org\/en\/la-ternura-que-se-animo-a-desobedecer\/\"><\/a><\/div><div class=\"eael-entry-thumbnail eael-image-ratio\">\n                            <img fetchpriority=\"high\" decoding=\"async\" width=\"800\" height=\"493\" src=\"https:\/\/redcompafeminista.org\/wp-content\/uploads\/2026\/01\/WWRLRFBQ2VCYRNWGBUS37WQ22M-1024x631.jpg\" class=\"attachment-large size-large wp-image-4192\" alt=\"\" srcset=\"https:\/\/redcompafeminista.org\/wp-content\/uploads\/2026\/01\/WWRLRFBQ2VCYRNWGBUS37WQ22M-1024x631.jpg 1024w, https:\/\/redcompafeminista.org\/wp-content\/uploads\/2026\/01\/WWRLRFBQ2VCYRNWGBUS37WQ22M-300x185.jpg 300w, https:\/\/redcompafeminista.org\/wp-content\/uploads\/2026\/01\/WWRLRFBQ2VCYRNWGBUS37WQ22M-768x473.jpg 768w, https:\/\/redcompafeminista.org\/wp-content\/uploads\/2026\/01\/WWRLRFBQ2VCYRNWGBUS37WQ22M-18x12.jpg 18w, https:\/\/redcompafeminista.org\/wp-content\/uploads\/2026\/01\/WWRLRFBQ2VCYRNWGBUS37WQ22M.jpg 1201w\" sizes=\"(max-width: 800px) 100vw, 800px\" \/>\n                            <\/div>\n                    <\/div><div class=\"eael-entry-wrapper\"><header class=\"eael-entry-header\"><h2 class=\"eael-entry-title\"><a class=\"eael-grid-post-link\" href=\"https:\/\/redcompafeminista.org\/en\/la-ternura-que-se-animo-a-desobedecer\/\" title=\"La ternura que se anim\u00f3 a desobedecer\">La ternura que se anim\u00f3 a desobedecer<\/a><\/h2><\/header><div class=\"eael-entry-content\">\n                                <div class=\"eael-grid-post-excerpt\"><p>Abortos en territorios de disciplinamientos Si la culpa fue pedagog\u00eda,...<\/p><a href=\"https:\/\/redcompafeminista.org\/en\/la-ternura-que-se-animo-a-desobedecer\/\" class=\"eael-post-elements-readmore-btn\">Read more<\/a><\/div>\n                            <\/div><div class=\"eael-entry-header-after style-two\"><div class=\"eael-entry-meta\"><\/div><\/div><\/div><\/div>\n    <\/div>\n<\/article><article class=\"eael-grid-post  eael-post-grid-column eael-pg-post-4121 category-articulos tags-aborto-aborto-colombia-aborto-latinoamerica-aborto-legal-y-gratuidto-aborto-acompanamiento-de-abortos-alegria-aborto-tardio-red-companera\" data-id=\"4121\">\n    <div class=\"eael-grid-post-holder\">\n        <div class=\"eael-grid-post-holder-inner\"><div class=\"eael-entry-media\"><div class=\"eael-entry-overlay fade-in\"><i class=\"fas fa-long-arrow-alt-right\" aria-hidden=\"true\"><\/i><a href=\"https:\/\/redcompafeminista.org\/en\/a-tres-anos-de-la-sentencia-c055\/\"><\/a><\/div><div class=\"eael-entry-thumbnail eael-image-ratio\">\n                            <img decoding=\"async\" width=\"800\" height=\"377\" src=\"https:\/\/redcompafeminista.org\/wp-content\/uploads\/2025\/02\/cj2-copia-3-1024x483.png\" class=\"attachment-large size-large wp-image-4122\" alt=\"A TRES a\u00f1os de la Sentencia C055\" srcset=\"https:\/\/redcompafeminista.org\/wp-content\/uploads\/2025\/02\/cj2-copia-3-1024x483.png 1024w, https:\/\/redcompafeminista.org\/wp-content\/uploads\/2025\/02\/cj2-copia-3-300x141.png 300w, https:\/\/redcompafeminista.org\/wp-content\/uploads\/2025\/02\/cj2-copia-3-768x362.png 768w, https:\/\/redcompafeminista.org\/wp-content\/uploads\/2025\/02\/cj2-copia-3-1536x724.png 1536w, https:\/\/redcompafeminista.org\/wp-content\/uploads\/2025\/02\/cj2-copia-3-2048x965.png 2048w\" sizes=\"(max-width: 800px) 100vw, 800px\" \/>\n                            <\/div>\n                    <\/div><div class=\"eael-entry-wrapper\"><header class=\"eael-entry-header\"><h2 class=\"eael-entry-title\"><a class=\"eael-grid-post-link\" href=\"https:\/\/redcompafeminista.org\/en\/a-tres-anos-de-la-sentencia-c055\/\" title=\"THREE years after Judgment C055\">THREE years after Judgment C055<\/a><\/h2><\/header><div class=\"eael-entry-content\">\n                                <div class=\"eael-grid-post-excerpt\"><p>How does Parceras' feminist accompaniment of abortions continue in...<\/p><a href=\"https:\/\/redcompafeminista.org\/en\/a-tres-anos-de-la-sentencia-c055\/\" class=\"eael-post-elements-readmore-btn\">Read more<\/a><\/div>\n                            <\/div><div class=\"eael-entry-header-after style-two\"><div class=\"eael-entry-meta\"><\/div><\/div><\/div><\/div>\n    <\/div>\n<\/article><article class=\"eael-grid-post  eael-post-grid-column eael-pg-post-4106 category-voces\" data-id=\"4106\">\n    <div class=\"eael-grid-post-holder\">\n        <div class=\"eael-grid-post-holder-inner\"><div class=\"eael-entry-media\"><div class=\"eael-entry-overlay fade-in\"><i class=\"fas fa-long-arrow-alt-right\" aria-hidden=\"true\"><\/i><a href=\"https:\/\/redcompafeminista.org\/en\/justicia-para-beatriz\/\"><\/a><\/div><div class=\"eael-entry-thumbnail eael-image-ratio\">\n                            <img decoding=\"async\" width=\"800\" height=\"377\" src=\"https:\/\/redcompafeminista.org\/wp-content\/uploads\/2024\/11\/cj2-copia-3-2-1024x483.png\" class=\"attachment-large size-large wp-image-4112\" alt=\"Justicia para Beatriz\" srcset=\"https:\/\/redcompafeminista.org\/wp-content\/uploads\/2024\/11\/cj2-copia-3-2-1024x483.png 1024w, https:\/\/redcompafeminista.org\/wp-content\/uploads\/2024\/11\/cj2-copia-3-2-300x141.png 300w, https:\/\/redcompafeminista.org\/wp-content\/uploads\/2024\/11\/cj2-copia-3-2-768x362.png 768w, https:\/\/redcompafeminista.org\/wp-content\/uploads\/2024\/11\/cj2-copia-3-2-1536x724.png 1536w, https:\/\/redcompafeminista.org\/wp-content\/uploads\/2024\/11\/cj2-copia-3-2-2048x965.png 2048w\" sizes=\"(max-width: 800px) 100vw, 800px\" \/>\n                            <\/div>\n                    <\/div><div class=\"eael-entry-wrapper\"><header class=\"eael-entry-header\"><h2 class=\"eael-entry-title\"><a class=\"eael-grid-post-link\" href=\"https:\/\/redcompafeminista.org\/en\/justicia-para-beatriz\/\" title=\"Justice for Beatriz\">Justice for Beatriz<\/a><\/h2><\/header><div class=\"eael-entry-content\">\n                                <div class=\"eael-grid-post-excerpt\"><p>Abortion is totally criminalized in El Salvador, it is still...<\/p><a href=\"https:\/\/redcompafeminista.org\/en\/justicia-para-beatriz\/\" class=\"eael-post-elements-readmore-btn\">Read more<\/a><\/div>\n                            <\/div><div class=\"eael-entry-header-after style-two\"><div class=\"eael-entry-meta\"><\/div><\/div><\/div><\/div>\n    <\/div>\n<\/article><article class=\"eael-grid-post  eael-post-grid-column eael-pg-post-4071 category-voces tags-aborto-roe-vs-wade\" data-id=\"4071\">\n    <div class=\"eael-grid-post-holder\">\n        <div class=\"eael-grid-post-holder-inner\"><div class=\"eael-entry-media\"><div class=\"eael-entry-overlay fade-in\"><i class=\"fas fa-long-arrow-alt-right\" aria-hidden=\"true\"><\/i><a href=\"https:\/\/redcompafeminista.org\/en\/como-afecta-la-derogacion-de-roe-vs-wade-en-la-region-latinoamericana-y-caribena-copy-2\/\"><\/a><\/div><div class=\"eael-entry-thumbnail eael-image-ratio\">\n                            <img loading=\"lazy\" decoding=\"async\" width=\"800\" height=\"377\" src=\"https:\/\/redcompafeminista.org\/wp-content\/uploads\/2024\/08\/Roe-Vs-Wade-Veronica-Cruz-1024x483.jpg\" class=\"attachment-large size-large wp-image-4043\" alt=\"\" srcset=\"https:\/\/redcompafeminista.org\/wp-content\/uploads\/2024\/08\/Roe-Vs-Wade-Veronica-Cruz-1024x483.jpg 1024w, https:\/\/redcompafeminista.org\/wp-content\/uploads\/2024\/08\/Roe-Vs-Wade-Veronica-Cruz-300x141.jpg 300w, https:\/\/redcompafeminista.org\/wp-content\/uploads\/2024\/08\/Roe-Vs-Wade-Veronica-Cruz-768x362.jpg 768w, https:\/\/redcompafeminista.org\/wp-content\/uploads\/2024\/08\/Roe-Vs-Wade-Veronica-Cruz-1536x724.jpg 1536w, https:\/\/redcompafeminista.org\/wp-content\/uploads\/2024\/08\/Roe-Vs-Wade-Veronica-Cruz-2048x965.jpg 2048w\" sizes=\"(max-width: 800px) 100vw, 800px\" \/>\n                            <\/div>\n                    <\/div><div class=\"eael-entry-wrapper\"><header class=\"eael-entry-header\"><h2 class=\"eael-entry-title\"><a class=\"eael-grid-post-link\" href=\"https:\/\/redcompafeminista.org\/en\/como-afecta-la-derogacion-de-roe-vs-wade-en-la-region-latinoamericana-y-caribena-copy-2\/\" title=\"How does the repeal of Roe Vs Wade affect the Latin American and Caribbean region?\">How does the repeal of Roe Vs Wade affect the Latin American and Caribbean region?<\/a><\/h2><\/header><div class=\"eael-entry-content\">\n                                <div class=\"eael-grid-post-excerpt\"><p>The great gain of the Latin American feminist movement has been to use...<\/p><a href=\"https:\/\/redcompafeminista.org\/en\/como-afecta-la-derogacion-de-roe-vs-wade-en-la-region-latinoamericana-y-caribena-copy-2\/\" class=\"eael-post-elements-readmore-btn\">Read more<\/a><\/div>\n                            <\/div><div class=\"eael-entry-header-after style-two\"><div class=\"eael-entry-meta\"><\/div><\/div><\/div><\/div>\n    <\/div>\n<\/article><article class=\"eael-grid-post  eael-post-grid-column eael-pg-post-3834 category-declaraciones tags-aborto-aborto-latinoamerica-aborto-legal-y-gratuidto-acompanantes-red-companera\" data-id=\"3834\">\n    <div class=\"eael-grid-post-holder\">\n        <div class=\"eael-grid-post-holder-inner\"><div class=\"eael-entry-media\"><div class=\"eael-entry-overlay fade-in\"><i class=\"fas fa-long-arrow-alt-right\" aria-hidden=\"true\"><\/i><a href=\"https:\/\/redcompafeminista.org\/en\/4ta-asamblea-presencial-de-la-red-companera-bogota-colombia-mayo-2024\/\"><\/a><\/div><div class=\"eael-entry-thumbnail eael-image-ratio\">\n                            <img loading=\"lazy\" decoding=\"async\" width=\"800\" height=\"457\" src=\"https:\/\/redcompafeminista.org\/wp-content\/uploads\/2024\/06\/IMG_1240-Mejorado-NR.png\" class=\"attachment-large size-large wp-image-4007\" alt=\"Encuentro Regional Red Compa\u00f1era\" srcset=\"https:\/\/redcompafeminista.org\/wp-content\/uploads\/2024\/06\/IMG_1240-Mejorado-NR.png 1000w, https:\/\/redcompafeminista.org\/wp-content\/uploads\/2024\/06\/IMG_1240-Mejorado-NR-300x171.png 300w, https:\/\/redcompafeminista.org\/wp-content\/uploads\/2024\/06\/IMG_1240-Mejorado-NR-768x439.png 768w\" sizes=\"(max-width: 800px) 100vw, 800px\" \/>\n                            <\/div>\n                    <\/div><div class=\"eael-entry-wrapper\"><header class=\"eael-entry-header\"><h2 class=\"eael-entry-title\"><a class=\"eael-grid-post-link\" href=\"https:\/\/redcompafeminista.org\/en\/4ta-asamblea-presencial-de-la-red-companera-bogota-colombia-mayo-2024\/\" title=\"4th In-Person Assembly of Red Compa\u00f1era\">4th In-Person Assembly of Red Compa\u00f1era<\/a><\/h2><\/header><div class=\"eael-entry-content\">\n                                <div class=\"eael-grid-post-excerpt\"><p>Bogota - Colombia - May 2024 WITH THE HORIZON OF...<\/p><a href=\"https:\/\/redcompafeminista.org\/en\/4ta-asamblea-presencial-de-la-red-companera-bogota-colombia-mayo-2024\/\" class=\"eael-post-elements-readmore-btn\">Read more<\/a><\/div>\n                            <\/div><div class=\"eael-entry-header-after style-two\"><div class=\"eael-entry-meta\"><\/div><\/div><\/div><\/div>\n    <\/div>\n<\/article><article class=\"eael-grid-post  eael-post-grid-column eael-pg-post-3778 category-articulos tags-aborto-acompanamiento-de-abortos-alegria-aborto-tardio\" data-id=\"3778\">\n    <div class=\"eael-grid-post-holder\">\n        <div class=\"eael-grid-post-holder-inner\"><div class=\"eael-entry-media\"><div class=\"eael-entry-overlay fade-in\"><i class=\"fas fa-long-arrow-alt-right\" aria-hidden=\"true\"><\/i><a href=\"https:\/\/redcompafeminista.org\/en\/placer-alegria-y-experiencias-emocionales-positivas-en-acompanamientos-de-abortos-despues-de-la-semana-17-de-gestacion\/\"><\/a><\/div><div class=\"eael-entry-thumbnail eael-image-ratio\">\n                            <img loading=\"lazy\" decoding=\"async\" width=\"800\" height=\"313\" src=\"https:\/\/redcompafeminista.org\/wp-content\/uploads\/2024\/06\/Mesa-de-trabajo-1-1024x401.png\" class=\"attachment-large size-large wp-image-3802\" alt=\"Placer, alegr\u00eda y experiencias emocionales positivas en acompa\u00f1amientos de abortos despu\u00e9s de la semana 17 de gestaci\u00f3n\" srcset=\"https:\/\/redcompafeminista.org\/wp-content\/uploads\/2024\/06\/Mesa-de-trabajo-1-1024x401.png 1024w, https:\/\/redcompafeminista.org\/wp-content\/uploads\/2024\/06\/Mesa-de-trabajo-1-300x117.png 300w, https:\/\/redcompafeminista.org\/wp-content\/uploads\/2024\/06\/Mesa-de-trabajo-1-768x301.png 768w, https:\/\/redcompafeminista.org\/wp-content\/uploads\/2024\/06\/Mesa-de-trabajo-1.png 1280w\" sizes=\"(max-width: 800px) 100vw, 800px\" \/>\n                            <\/div>\n                    <\/div><div class=\"eael-entry-wrapper\"><header class=\"eael-entry-header\"><h2 class=\"eael-entry-title\"><a class=\"eael-grid-post-link\" href=\"https:\/\/redcompafeminista.org\/en\/placer-alegria-y-experiencias-emocionales-positivas-en-acompanamientos-de-abortos-despues-de-la-semana-17-de-gestacion\/\" title=\"Pleasure, joy and positive emotional experiences in abortion escorts after 17 weeks of gestation\">Pleasure, joy and positive emotional experiences in abortion escorts after 17 weeks of gestation<\/a><\/h2><\/header><div class=\"eael-entry-content\">\n                                <div class=\"eael-grid-post-excerpt\"><p>Katrina Kimport, Julia McReynolds-Perez, Chiara Bercu, Carolina Cisternas, Emily Wilkinson Salamea,...<\/p><a href=\"https:\/\/redcompafeminista.org\/en\/placer-alegria-y-experiencias-emocionales-positivas-en-acompanamientos-de-abortos-despues-de-la-semana-17-de-gestacion\/\" class=\"eael-post-elements-readmore-btn\">Read more<\/a><\/div>\n                            <\/div><div class=\"eael-entry-header-after style-two\"><div class=\"eael-entry-meta\"><\/div><\/div><\/div><\/div>\n    <\/div>\n<\/article><article class=\"eael-grid-post  eael-post-grid-column eael-pg-post-3024 category-voces\" data-id=\"3024\">\n    <div class=\"eael-grid-post-holder\">\n        <div class=\"eael-grid-post-holder-inner\"><div class=\"eael-entry-media\"><div class=\"eael-entry-overlay fade-in\"><i class=\"fas fa-long-arrow-alt-right\" aria-hidden=\"true\"><\/i><a href=\"https:\/\/redcompafeminista.org\/en\/el-aborto-autogestionado-y-su-importancia-en-la-region\/\"><\/a><\/div><div class=\"eael-entry-thumbnail eael-image-ratio\">\n                            <img loading=\"lazy\" decoding=\"async\" width=\"800\" height=\"534\" src=\"https:\/\/redcompafeminista.org\/wp-content\/uploads\/2023\/10\/aborto-feminista-red-1024x683.jpg\" class=\"attachment-large size-large wp-image-3088\" alt=\"\" srcset=\"https:\/\/redcompafeminista.org\/wp-content\/uploads\/2023\/10\/aborto-feminista-red-1024x683.jpg 1024w, https:\/\/redcompafeminista.org\/wp-content\/uploads\/2023\/10\/aborto-feminista-red-300x200.jpg 300w, https:\/\/redcompafeminista.org\/wp-content\/uploads\/2023\/10\/aborto-feminista-red-768x512.jpg 768w, https:\/\/redcompafeminista.org\/wp-content\/uploads\/2023\/10\/aborto-feminista-red.jpg 1200w\" sizes=\"(max-width: 800px) 100vw, 800px\" \/>\n                            <\/div>\n                    <\/div><div class=\"eael-entry-wrapper\"><header class=\"eael-entry-header\"><h2 class=\"eael-entry-title\"><a class=\"eael-grid-post-link\" href=\"https:\/\/redcompafeminista.org\/en\/el-aborto-autogestionado-y-su-importancia-en-la-region\/\" title=\"Self-managed abortion and its importance in the region\">Self-managed abortion and its importance in the region<\/a><\/h2><\/header><div class=\"eael-entry-content\">\n                                <div class=\"eael-grid-post-excerpt\"><p>The CLACAI 2023 Regional Conference \"Persisting in Change: The...<\/p><a href=\"https:\/\/redcompafeminista.org\/en\/el-aborto-autogestionado-y-su-importancia-en-la-region\/\" class=\"eael-post-elements-readmore-btn\">Read more<\/a><\/div>\n                            <\/div><div class=\"eael-entry-header-after style-two\"><div class=\"eael-entry-meta\"><\/div><\/div><\/div><\/div>\n    <\/div>\n<\/article><article class=\"eael-grid-post  eael-post-grid-column eael-pg-post-2918 category-declaraciones\" data-id=\"2918\">\n    <div class=\"eael-grid-post-holder\">\n        <div class=\"eael-grid-post-holder-inner\"><div class=\"eael-entry-media\"><div class=\"eael-entry-overlay fade-in\"><i class=\"fas fa-long-arrow-alt-right\" aria-hidden=\"true\"><\/i><a href=\"https:\/\/redcompafeminista.org\/en\/tercer-encuentro-regional-ecuador-2022\/\"><\/a><\/div><div class=\"eael-entry-thumbnail eael-image-ratio\">\n                            <img loading=\"lazy\" decoding=\"async\" width=\"800\" height=\"539\" src=\"https:\/\/redcompafeminista.org\/wp-content\/uploads\/2024\/01\/foto-entrada-red-e1699631631745.png\" class=\"attachment-large size-large wp-image-3138\" alt=\"\" srcset=\"https:\/\/redcompafeminista.org\/wp-content\/uploads\/2024\/01\/foto-entrada-red-e1699631631745.png 900w, https:\/\/redcompafeminista.org\/wp-content\/uploads\/2024\/01\/foto-entrada-red-e1699631631745-300x202.png 300w, https:\/\/redcompafeminista.org\/wp-content\/uploads\/2024\/01\/foto-entrada-red-e1699631631745-768x517.png 768w\" sizes=\"(max-width: 800px) 100vw, 800px\" \/>\n                            <\/div>\n                    <\/div><div class=\"eael-entry-wrapper\"><header class=\"eael-entry-header\"><h2 class=\"eael-entry-title\"><a class=\"eael-grid-post-link\" href=\"https:\/\/redcompafeminista.org\/en\/tercer-encuentro-regional-ecuador-2022\/\" title=\"Third regional meeting Ecuador - 2022\">Third regional meeting Ecuador - 2022<\/a><\/h2><\/header><div class=\"eael-entry-content\">\n                                <div class=\"eael-grid-post-excerpt\"><p>On May 14 and 15, 2022 we returned to...<\/p><a href=\"https:\/\/redcompafeminista.org\/en\/tercer-encuentro-regional-ecuador-2022\/\" class=\"eael-post-elements-readmore-btn\">Read more<\/a><\/div>\n                            <\/div><div class=\"eael-entry-header-after style-two\"><div class=\"eael-entry-meta\"><\/div><\/div><\/div><\/div>\n    <\/div>\n<\/article><article class=\"eael-grid-post  eael-post-grid-column eael-pg-post-2472 category-declarations\" data-id=\"2472\">\n    <div class=\"eael-grid-post-holder\">\n        <div class=\"eael-grid-post-holder-inner\"><div class=\"eael-entry-media\"><div class=\"eael-entry-overlay fade-in\"><i class=\"fas fa-long-arrow-alt-right\" aria-hidden=\"true\"><\/i><a href=\"https:\/\/redcompafeminista.org\/en\/political-declaration-who-we-are\/\"><\/a><\/div><div class=\"eael-entry-thumbnail eael-image-ratio\">\n                            <img loading=\"lazy\" decoding=\"async\" width=\"800\" height=\"533\" src=\"https:\/\/redcompafeminista.org\/wp-content\/uploads\/2024\/01\/slide2.png\" class=\"attachment-large size-large wp-image-3139\" alt=\"\" srcset=\"https:\/\/redcompafeminista.org\/wp-content\/uploads\/2024\/01\/slide2.png 900w, https:\/\/redcompafeminista.org\/wp-content\/uploads\/2024\/01\/slide2-300x200.png 300w, https:\/\/redcompafeminista.org\/wp-content\/uploads\/2024\/01\/slide2-768x512.png 768w\" sizes=\"(max-width: 800px) 100vw, 800px\" \/>\n                            <\/div>\n                    <\/div><div class=\"eael-entry-wrapper\"><header class=\"eael-entry-header\"><h2 class=\"eael-entry-title\"><a class=\"eael-grid-post-link\" href=\"https:\/\/redcompafeminista.org\/en\/political-declaration-who-we-are\/\" title=\"Political Declaration: Who We Are\">Political Declaration: Who We Are<\/a><\/h2><\/header><div class=\"eael-entry-content\">\n                                <div class=\"eael-grid-post-excerpt\"><p>We are a Latin American and Caribbean network of feminist...<\/p><a href=\"https:\/\/redcompafeminista.org\/en\/political-declaration-who-we-are\/\" class=\"eael-post-elements-readmore-btn\">Read more<\/a><\/div>\n                            <\/div><div class=\"eael-entry-header-after style-two\"><div class=\"eael-entry-meta\"><\/div><\/div><\/div><\/div>\n    <\/div>\n<\/article><\/div>\n            <div class=\"clearfix\"><\/div>\n        <\/div>            <div class=\"eael-load-more-button-wrap\">\n                <button class=\"eael-load-more-button\" id=\"eael-load-more-btn-8550e47\" data-widget-id=\"8550e47\" data-widget=\"8550e47\" data-page-id=\"61\" data-template=\"{&quot;dir&quot;:&quot;lite&quot;,&quot;file_name&quot;:&quot;two.php&quot;,&quot;name&quot;:&quot;Post-Grid&quot;}\" data-class=\"Essential_Addons_Elementor\\Elements\\Post_Grid\" data-layout=\"masonry\" data-page=\"1\" data-args=\"orderby=date&amp;order=desc&amp;ignore_sticky_posts=1&amp;post_status=publish&amp;posts_per_page=9&amp;offset=0&amp;post_type=post\" data-max-page=\"2\">\n                    <span class=\"eael-btn-loader button__loader\"><\/span>\n                    <span class=\"eael_load_more_text\">More<\/span>\n                <\/button>\n            <\/div>\n            \t\t\t\t<\/div>\n\t\t\t\t<\/div>\n\t\t\t\t\t<\/div>\n\t\t\t\t<\/div>\n\t\t\t\t<\/div>","protected":false},"excerpt":{"rendered":"<p>Noticias Voces de Acompa\u00f1amiento Declaraciones \u00bfC\u00f3mo afecta la derogaci\u00f3n de Roe Vs Wade en la regi\u00f3n latinoamericana y caribe\u00f1a? La gran ganancia del movimiento feminista latinoamericano, ha sido utilizar&#8230; Leer m\u00e1s 4ta Asamblea Presencial de la Red Compa\u00f1era Bogot\u00e1 &#8211; Colombia &#8211; Mayo 2024 CON EL HORIZONTE DEL&#8230; Leer m\u00e1s Placer, alegr\u00eda y experiencias emocionales [&hellip;]<\/p>\n","protected":false},"author":1,"featured_media":0,"parent":0,"menu_order":0,"comment_status":"closed","ping_status":"closed","template":"elementor_header_footer","meta":{"_acf_changed":false,"footnotes":""},"class_list":["post-61","page","type-page","status-publish","hentry"],"acf":[],"_links":{"self":[{"href":"https:\/\/redcompafeminista.org\/en\/wp-json\/wp\/v2\/pages\/61","targetHints":{"allow":["GET"]}}],"collection":[{"href":"https:\/\/redcompafeminista.org\/en\/wp-json\/wp\/v2\/pages"}],"about":[{"href":"https:\/\/redcompafeminista.org\/en\/wp-json\/wp\/v2\/types\/page"}],"author":[{"embeddable":true,"href":"https:\/\/redcompafeminista.org\/en\/wp-json\/wp\/v2\/users\/1"}],"replies":[{"embeddable":true,"href":"https:\/\/redcompafeminista.org\/en\/wp-json\/wp\/v2\/comments?post=61"}],"version-history":[{"count":122,"href":"https:\/\/redcompafeminista.org\/en\/wp-json\/wp\/v2\/pages\/61\/revisions"}],"predecessor-version":[{"id":4176,"href":"https:\/\/redcompafeminista.org\/en\/wp-json\/wp\/v2\/pages\/61\/revisions\/4176"}],"wp:attachment":[{"href":"https:\/\/redcompafeminista.org\/en\/wp-json\/wp\/v2\/media?parent=61"}],"curies":[{"name":"wp","href":"https:\/\/api.w.org\/{rel}","templated":true}]}}