{"id":59,"date":"2023-12-29T15:49:59","date_gmt":"2023-12-29T15:49:59","guid":{"rendered":"https:\/\/redcompafeminista.org\/?page_id=59"},"modified":"2024-08-16T18:07:52","modified_gmt":"2024-08-16T18:07:52","slug":"que-hacemos","status":"publish","type":"page","link":"https:\/\/redcompafeminista.org\/en\/que-hacemos\/","title":{"rendered":"What we do"},"content":{"rendered":"<div data-elementor-type=\"wp-page\" data-elementor-id=\"59\" class=\"elementor elementor-59\" data-elementor-post-type=\"page\">\n\t\t\t\t<div data-particle_enable=\"false\" data-particle-mobile-disabled=\"false\" class=\"elementor-element elementor-element-1d6fd3c e-flex e-con-boxed e-con e-parent\" data-id=\"1d6fd3c\" data-element_type=\"container\" data-e-type=\"container\" data-settings=\"{&quot;background_background&quot;:&quot;classic&quot;}\">\n\t\t\t\t\t<div class=\"e-con-inner\">\n\t\t<div data-particle_enable=\"false\" data-particle-mobile-disabled=\"false\" class=\"elementor-element elementor-element-9c0e14c e-flex e-con-boxed e-con e-child\" data-id=\"9c0e14c\" data-element_type=\"container\" data-e-type=\"container\">\n\t\t\t\t\t<div class=\"e-con-inner\">\n\t\t\t\t<div class=\"elementor-element elementor-element-dbf79ef elementor-widget elementor-widget-heading\" data-id=\"dbf79ef\" data-element_type=\"widget\" data-e-type=\"widget\" data-widget_type=\"heading.default\">\n\t\t\t\t<div class=\"elementor-widget-container\">\n\t\t\t\t\t<h2 class=\"elementor-heading-title elementor-size-default\">What do we do?<\/h2>\t\t\t\t<\/div>\n\t\t\t\t<\/div>\n\t\t\t\t<div class=\"elementor-element elementor-element-91ca0a6 elementor-widget elementor-widget-text-editor\" data-id=\"91ca0a6\" data-element_type=\"widget\" data-e-type=\"widget\" data-widget_type=\"text-editor.default\">\n\t\t\t\t<div class=\"elementor-widget-container\">\n\t\t\t\t\t\t\t\t\t<p>We fight for Latin America and the Caribbean to be a territory where women and people with the capacity to have an abortion can do so with autonomy, accompanied by feminists who promote free abortion and accompany them from the standpoint of social justice, happiness, pleasure and joy.<\/p><p>For this reason, the Red Compa\u00f1era is a space for strengthening, exchange and articulation between the collectives\/networks\/organizations of abortion accompaniers in Latin America and the Caribbean, in order to agree, strengthen and improve the way in which we accompany medical abortion and at the same time strategically influence the debates for the decriminalization\/legalization of abortion in each of our territories.<\/p>\t\t\t\t\t\t\t\t<\/div>\n\t\t\t\t<\/div>\n\t\t\t\t\t<\/div>\n\t\t\t\t<\/div>\n\t\t\t\t\t<\/div>\n\t\t\t\t<\/div>\n\t\t<div data-particle_enable=\"false\" data-particle-mobile-disabled=\"false\" class=\"elementor-element elementor-element-9bd95c5 e-con-full e-flex e-con e-parent\" data-id=\"9bd95c5\" data-element_type=\"container\" data-e-type=\"container\" data-settings=\"{&quot;background_background&quot;:&quot;classic&quot;}\">\n\t\t<div data-particle_enable=\"false\" data-particle-mobile-disabled=\"false\" class=\"elementor-element elementor-element-b7109b0 e-con-full e-flex e-con e-child\" data-id=\"b7109b0\" data-element_type=\"container\" data-e-type=\"container\">\n\t\t<div data-particle_enable=\"false\" data-particle-mobile-disabled=\"false\" class=\"elementor-element elementor-element-b12cf6b e-con-full e-flex e-con e-child\" data-id=\"b12cf6b\" data-element_type=\"container\" data-e-type=\"container\">\n\t\t\t\t<div class=\"elementor-element elementor-element-a398d15 elementor-widget elementor-widget-heading\" data-id=\"a398d15\" data-element_type=\"widget\" data-e-type=\"widget\" data-widget_type=\"heading.default\">\n\t\t\t\t<div class=\"elementor-widget-container\">\n\t\t\t\t\t<h2 class=\"elementor-heading-title elementor-size-default\">Strengthening of Red Compa\u00f1era<\/h2>\t\t\t\t<\/div>\n\t\t\t\t<\/div>\n\t\t\t\t<\/div>\n\t\t<div data-particle_enable=\"false\" data-particle-mobile-disabled=\"false\" class=\"elementor-element elementor-element-36160a9 e-con-full e-flex e-con e-child\" data-id=\"36160a9\" data-element_type=\"container\" data-e-type=\"container\" data-settings=\"{&quot;background_background&quot;:&quot;classic&quot;}\">\n\t\t\t\t<\/div>\n\t\t<div data-particle_enable=\"false\" data-particle-mobile-disabled=\"false\" class=\"elementor-element elementor-element-6a46f5f e-flex e-con-boxed e-con e-child\" data-id=\"6a46f5f\" data-element_type=\"container\" data-e-type=\"container\">\n\t\t\t\t\t<div class=\"e-con-inner\">\n\t\t\t\t<div class=\"elementor-element elementor-element-2a67b02 elementor-widget elementor-widget-text-editor\" data-id=\"2a67b02\" data-element_type=\"widget\" data-e-type=\"widget\" data-widget_type=\"text-editor.default\">\n\t\t\t\t<div class=\"elementor-widget-container\">\n\t\t\t\t\t\t\t\t\t<p>To develop joint strategies and collective responses, understanding that this process is not unilateral but relies on the possibility that all of us within the Network can contribute and cultivate a sense of belonging through the daily practice of the Network in each territory where national groups are present.<\/p>\t\t\t\t\t\t\t\t<\/div>\n\t\t\t\t<\/div>\n\t\t\t\t\t<\/div>\n\t\t\t\t<\/div>\n\t\t\t\t<\/div>\n\t\t\t\t<\/div>\n\t\t<div data-particle_enable=\"false\" data-particle-mobile-disabled=\"false\" class=\"elementor-element elementor-element-5e4f5d4 e-con-full e-flex e-con e-parent\" data-id=\"5e4f5d4\" data-element_type=\"container\" data-e-type=\"container\" data-settings=\"{&quot;background_background&quot;:&quot;classic&quot;}\">\n\t\t<div data-particle_enable=\"false\" data-particle-mobile-disabled=\"false\" class=\"elementor-element elementor-element-0851343 e-con-full e-flex e-con e-child\" data-id=\"0851343\" data-element_type=\"container\" data-e-type=\"container\">\n\t\t<div data-particle_enable=\"false\" data-particle-mobile-disabled=\"false\" class=\"elementor-element elementor-element-803e78c e-con-full e-flex e-con e-child\" data-id=\"803e78c\" data-element_type=\"container\" data-e-type=\"container\">\n\t\t\t\t<div class=\"elementor-element elementor-element-1d37b3c elementor-widget elementor-widget-heading\" data-id=\"1d37b3c\" data-element_type=\"widget\" data-e-type=\"widget\" data-widget_type=\"heading.default\">\n\t\t\t\t<div class=\"elementor-widget-container\">\n\t\t\t\t\t<h2 class=\"elementor-heading-title elementor-size-default\">Accompanying each other in accompaniment<\/h2>\t\t\t\t<\/div>\n\t\t\t\t<\/div>\n\t\t\t\t<\/div>\n\t\t<div data-particle_enable=\"false\" data-particle-mobile-disabled=\"false\" class=\"elementor-element elementor-element-bc89c61 e-con-full e-flex e-con e-child\" data-id=\"bc89c61\" data-element_type=\"container\" data-e-type=\"container\" data-settings=\"{&quot;background_background&quot;:&quot;classic&quot;}\">\n\t\t\t\t<\/div>\n\t\t<div data-particle_enable=\"false\" data-particle-mobile-disabled=\"false\" class=\"elementor-element elementor-element-fcdb8bd e-flex e-con-boxed e-con e-child\" data-id=\"fcdb8bd\" data-element_type=\"container\" data-e-type=\"container\">\n\t\t\t\t\t<div class=\"e-con-inner\">\n\t\t\t\t<div class=\"elementor-element elementor-element-fbb7c14 elementor-widget elementor-widget-text-editor\" data-id=\"fbb7c14\" data-element_type=\"widget\" data-e-type=\"widget\" data-widget_type=\"text-editor.default\">\n\t\t\t\t<div class=\"elementor-widget-container\">\n\t\t\t\t\t\t\t\t\t<p>Create spaces for exchange, joint learning, and capacity building for all the groups that make up Red Compa\u00f1era, enabling us to improve the way we support abortions in our territories..<\/p><p>This priority also refers to Red Compa\u00f1era role in supporting political and public advocacy actions in each country whenever debates arise regarding potential progress or setbacks on abortion.<\/p><p>It also refers to the process by which trust builds support, through the possibility of seeing in the actions of each group our regional reach to guarantee safe, caring and feminist abortions in each territory.<\/p>\t\t\t\t\t\t\t\t<\/div>\n\t\t\t\t<\/div>\n\t\t\t\t\t<\/div>\n\t\t\t\t<\/div>\n\t\t\t\t<\/div>\n\t\t\t\t<\/div>\n\t\t<div data-particle_enable=\"false\" data-particle-mobile-disabled=\"false\" class=\"elementor-element elementor-element-e72d4e4 e-con-full e-flex e-con e-parent\" data-id=\"e72d4e4\" data-element_type=\"container\" data-e-type=\"container\" data-settings=\"{&quot;background_background&quot;:&quot;classic&quot;}\">\n\t\t<div data-particle_enable=\"false\" data-particle-mobile-disabled=\"false\" class=\"elementor-element elementor-element-79244c7 e-con-full e-flex e-con e-child\" data-id=\"79244c7\" data-element_type=\"container\" data-e-type=\"container\">\n\t\t<div data-particle_enable=\"false\" data-particle-mobile-disabled=\"false\" class=\"elementor-element elementor-element-7599828 e-con-full e-flex e-con e-child\" data-id=\"7599828\" data-element_type=\"container\" data-e-type=\"container\">\n\t\t\t\t<div class=\"elementor-element elementor-element-b1c9879 elementor-widget elementor-widget-heading\" data-id=\"b1c9879\" data-element_type=\"widget\" data-e-type=\"widget\" data-widget_type=\"heading.default\">\n\t\t\t\t<div class=\"elementor-widget-container\">\n\t\t\t\t\t<h2 class=\"elementor-heading-title elementor-size-default\">Knowledge generation<\/h2>\t\t\t\t<\/div>\n\t\t\t\t<\/div>\n\t\t\t\t<\/div>\n\t\t<div data-particle_enable=\"false\" data-particle-mobile-disabled=\"false\" class=\"elementor-element elementor-element-f8507b7 e-con-full e-flex e-con e-child\" data-id=\"f8507b7\" data-element_type=\"container\" data-e-type=\"container\" data-settings=\"{&quot;background_background&quot;:&quot;classic&quot;}\">\n\t\t\t\t<\/div>\n\t\t<div data-particle_enable=\"false\" data-particle-mobile-disabled=\"false\" class=\"elementor-element elementor-element-8fa7419 e-flex e-con-boxed e-con e-child\" data-id=\"8fa7419\" data-element_type=\"container\" data-e-type=\"container\">\n\t\t\t\t\t<div class=\"e-con-inner\">\n\t\t\t\t<div class=\"elementor-element elementor-element-be4b673 elementor-widget elementor-widget-text-editor\" data-id=\"be4b673\" data-element_type=\"widget\" data-e-type=\"widget\" data-widget_type=\"text-editor.default\">\n\t\t\t\t<div class=\"elementor-widget-container\">\n\t\t\t\t\t\t\t\t\t<div class=\"uk-panel uk-margin uk-scrollspy-inview\">At Red Compa\u00f1era, we seek to participate in regional and global political spaces where knowledge about abortion is being debated. This component refers to our ability to generate:<br \/><br \/><\/div><ul class=\"uk-list uk-list-circle uk-scrollspy-inview\"><li class=\"el-item\"><div class=\"el-content uk-panel\">Joint publications.<\/div><\/li><li class=\"el-item\"><div class=\"el-content uk-panel\">Systematization of regional data on abortion.<\/div><\/li><li class=\"el-item\"><div class=\"el-content uk-panel\">Generation of evidence from our daily practice as abortion accompaniment providers supporting medication abortions.<\/div><\/li><li class=\"el-item\"><div class=\"el-content uk-panel\">Generation of knowledge that allows us to reclaim abortion as a normal, everyday practice, creating a positive discourse around it.<\/div><\/li><\/ul>\t\t\t\t\t\t\t\t<\/div>\n\t\t\t\t<\/div>\n\t\t\t\t\t<\/div>\n\t\t\t\t<\/div>\n\t\t\t\t<\/div>\n\t\t\t\t<\/div>\n\t\t<div data-particle_enable=\"false\" data-particle-mobile-disabled=\"false\" class=\"elementor-element elementor-element-2660bd9 e-flex e-con-boxed e-con e-parent\" data-id=\"2660bd9\" data-element_type=\"container\" data-e-type=\"container\" data-settings=\"{&quot;background_background&quot;:&quot;classic&quot;}\">\n\t\t\t\t\t<div class=\"e-con-inner\">\n\t\t\t\t<div class=\"elementor-element elementor-element-63a7756 elementor-widget elementor-widget-heading\" data-id=\"63a7756\" data-element_type=\"widget\" data-e-type=\"widget\" data-widget_type=\"heading.default\">\n\t\t\t\t<div class=\"elementor-widget-container\">\n\t\t\t\t\t<h2 class=\"elementor-heading-title elementor-size-default\">Statements<\/h2>\t\t\t\t<\/div>\n\t\t\t\t<\/div>\n\t\t\t\t<div class=\"elementor-element elementor-element-7fd2efc elementor-widget elementor-widget-text-editor\" data-id=\"7fd2efc\" data-element_type=\"widget\" data-e-type=\"widget\" data-widget_type=\"text-editor.default\">\n\t\t\t\t<div class=\"elementor-widget-container\">\n\t\t\t\t\t\t\t\t\t<p>Our Political Statements are developed at each regional meeting we hold as Red Compa\u00f1era.<\/p>\t\t\t\t\t\t\t\t<\/div>\n\t\t\t\t<\/div>\n\t\t<div data-particle_enable=\"false\" data-particle-mobile-disabled=\"false\" class=\"elementor-element elementor-element-ef92841 e-flex e-con-boxed e-con e-child\" data-id=\"ef92841\" data-element_type=\"container\" data-e-type=\"container\">\n\t\t\t\t\t<div class=\"e-con-inner\">\n\t\t\t\t<div class=\"elementor-element elementor-element-c42ddd5 elementor-grid-eael-col-3 elementor-grid-tablet-eael-col-2 elementor-grid-mobile-eael-col-1 elementor-widget elementor-widget-eael-post-grid\" data-id=\"c42ddd5\" data-element_type=\"widget\" data-e-type=\"widget\" data-settings=\"{&quot;eael_post_grid_columns&quot;:&quot;eael-col-3&quot;,&quot;eael_post_grid_columns_tablet&quot;:&quot;eael-col-2&quot;,&quot;eael_post_grid_columns_mobile&quot;:&quot;eael-col-1&quot;}\" data-widget_type=\"eael-post-grid.default\">\n\t\t\t\t<div class=\"elementor-widget-container\">\n\t\t\t\t\t<div id=\"eael-post-grid-c42ddd5\" class=\"eael-post-grid-container\">\n            <div class=\"eael-post-grid eael-post-appender eael-post-appender-c42ddd5 eael-post-grid-style-one\" data-layout-mode=\"masonry\"><article class=\"eael-grid-post  eael-post-grid-column eael-pg-post-3834 category-declaraciones tags-aborto-aborto-latinoamerica-aborto-legal-y-gratuidto-acompanantes-red-companera\" data-id=\"3834\">\n        <div class=\"eael-grid-post-holder\">\n            <div class=\"eael-grid-post-holder-inner\"><div class=\"eael-entry-media\"><div class=\"eael-entry-overlay fade-in\"><i class=\"fas fa-long-arrow-alt-right\" aria-hidden=\"true\"><\/i><a href=\"https:\/\/redcompafeminista.org\/en\/4ta-asamblea-presencial-de-la-red-companera-bogota-colombia-mayo-2024\/\"><\/a><\/div><div class=\"eael-entry-thumbnail\">\n                <img fetchpriority=\"high\" decoding=\"async\" width=\"300\" height=\"171\" src=\"https:\/\/redcompafeminista.org\/wp-content\/uploads\/2024\/06\/IMG_1240-Mejorado-NR-300x171.png\" class=\"attachment-medium size-medium wp-image-4007\" alt=\"Encuentro Regional Red Compa\u00f1era\" srcset=\"https:\/\/redcompafeminista.org\/wp-content\/uploads\/2024\/06\/IMG_1240-Mejorado-NR-300x171.png 300w, https:\/\/redcompafeminista.org\/wp-content\/uploads\/2024\/06\/IMG_1240-Mejorado-NR-768x439.png 768w, https:\/\/redcompafeminista.org\/wp-content\/uploads\/2024\/06\/IMG_1240-Mejorado-NR.png 1000w\" sizes=\"(max-width: 300px) 100vw, 300px\" \/>\n            <\/div>\n        <\/div><div class=\"eael-entry-wrapper\"><header class=\"eael-entry-header\"><h2 class=\"eael-entry-title\"><a class=\"eael-grid-post-link\" href=\"https:\/\/redcompafeminista.org\/en\/4ta-asamblea-presencial-de-la-red-companera-bogota-colombia-mayo-2024\/\" title=\"4th In-Person Assembly of Red Compa\u00f1era\">4th In-Person Assembly of Red Compa\u00f1era<\/a><\/h2><\/header><div class=\"eael-entry-header-after\"><div class=\"eael-entry-meta\"><span class=\"eael-posted-on\"><time datetime=\"June 6, 2024\">June 6, 2024<\/time><\/span><\/div><\/div><div class=\"eael-entry-content\">\n                        <div class=\"eael-grid-post-excerpt\"><p>Bogot\u00e1 - Colombia - May 2024 WITH THE HORIZON OF FREE ABORTION WE DEEPEN THE TISSUE...<\/p><a href=\"https:\/\/redcompafeminista.org\/en\/4ta-asamblea-presencial-de-la-red-companera-bogota-colombia-mayo-2024\/\" class=\"eael-post-elements-readmore-btn\">Read more<\/a><\/div>\n                    <\/div><\/div><\/div>\n        <\/div>\n    <\/article><article class=\"eael-grid-post  eael-post-grid-column eael-pg-post-2463 category-declaraciones\" data-id=\"2463\">\n        <div class=\"eael-grid-post-holder\">\n            <div class=\"eael-grid-post-holder-inner\"><div class=\"eael-entry-media\"><div class=\"eael-entry-overlay fade-in\"><i class=\"fas fa-long-arrow-alt-right\" aria-hidden=\"true\"><\/i><a href=\"https:\/\/redcompafeminista.org\/en\/declaracion-politica-quienes-somos\/\"><\/a><\/div><div class=\"eael-entry-thumbnail\">\n                <img decoding=\"async\" width=\"300\" height=\"200\" src=\"https:\/\/redcompafeminista.org\/wp-content\/uploads\/2024\/01\/slide2-300x200.png\" class=\"attachment-medium size-medium wp-image-3139\" alt=\"\" srcset=\"https:\/\/redcompafeminista.org\/wp-content\/uploads\/2024\/01\/slide2-300x200.png 300w, https:\/\/redcompafeminista.org\/wp-content\/uploads\/2024\/01\/slide2-768x512.png 768w, https:\/\/redcompafeminista.org\/wp-content\/uploads\/2024\/01\/slide2.png 900w\" sizes=\"(max-width: 300px) 100vw, 300px\" \/>\n            <\/div>\n        <\/div><div class=\"eael-entry-wrapper\"><header class=\"eael-entry-header\"><h2 class=\"eael-entry-title\"><a class=\"eael-grid-post-link\" href=\"https:\/\/redcompafeminista.org\/en\/declaracion-politica-quienes-somos\/\" title=\"Policy Statement: Who are we?\">Policy Statement: Who are we?<\/a><\/h2><\/header><div class=\"eael-entry-header-after\"><div class=\"eael-entry-meta\"><span class=\"eael-posted-on\"><time datetime=\"January 18, 2020\">January 18, 2020<\/time><\/span><\/div><\/div><div class=\"eael-entry-content\">\n                        <div class=\"eael-grid-post-excerpt\"><p>We are a Latin American and Caribbean network of feminist and lesbofeminist organizations\/collectives and networks that accompany...<\/p><a href=\"https:\/\/redcompafeminista.org\/en\/declaracion-politica-quienes-somos\/\" class=\"eael-post-elements-readmore-btn\">Read more<\/a><\/div>\n                    <\/div><\/div><\/div>\n        <\/div>\n    <\/article><article class=\"eael-grid-post  eael-post-grid-column eael-pg-post-2456 category-declaraciones\" data-id=\"2456\">\n        <div class=\"eael-grid-post-holder\">\n            <div class=\"eael-grid-post-holder-inner\"><div class=\"eael-entry-media\"><div class=\"eael-entry-overlay fade-in\"><i class=\"fas fa-long-arrow-alt-right\" aria-hidden=\"true\"><\/i><a href=\"https:\/\/redcompafeminista.org\/en\/28-de-setembro-primeira-declaracao-da-rede-feminista-latino-americana-e-caribenha-de-acompanhantes-de-abortos\/\"><\/a><\/div><div class=\"eael-entry-thumbnail\">\n                <img decoding=\"async\" width=\"300\" height=\"200\" src=\"https:\/\/redcompafeminista.org\/wp-content\/uploads\/2024\/01\/slide3-1-300x200.png\" class=\"attachment-medium size-medium wp-image-3149\" alt=\"\" srcset=\"https:\/\/redcompafeminista.org\/wp-content\/uploads\/2024\/01\/slide3-1-300x200.png 300w, https:\/\/redcompafeminista.org\/wp-content\/uploads\/2024\/01\/slide3-1-768x512.png 768w, https:\/\/redcompafeminista.org\/wp-content\/uploads\/2024\/01\/slide3-1.png 900w\" sizes=\"(max-width: 300px) 100vw, 300px\" \/>\n            <\/div>\n        <\/div><div class=\"eael-entry-wrapper\"><header class=\"eael-entry-header\"><h2 class=\"eael-entry-title\"><a class=\"eael-grid-post-link\" href=\"https:\/\/redcompafeminista.org\/en\/28-de-setembro-primeira-declaracao-da-rede-feminista-latino-americana-e-caribenha-de-acompanhantes-de-abortos\/\" title=\"September 28th: First Declaration of the Latin American and Caribbean Feminist Network of Abortion Survivors\">September 28th: First Declaration of the Latin American and Caribbean Feminist Network of Abortion Survivors<\/a><\/h2><\/header><div class=\"eael-entry-header-after\"><div class=\"eael-entry-meta\"><span class=\"eael-posted-on\"><time datetime=\"September 28, 2018\">September 28, 2018<\/time><\/span><\/div><\/div><div class=\"eael-entry-content\">\n                        <div class=\"eael-grid-post-excerpt\"><p>En todo el mundo y especialmente en el territorio que habitamos, Abya Yala y el...<\/p><a href=\"https:\/\/redcompafeminista.org\/en\/28-de-setembro-primeira-declaracao-da-rede-feminista-latino-americana-e-caribenha-de-acompanhantes-de-abortos\/\" class=\"eael-post-elements-readmore-btn\">Read more<\/a><\/div>\n                    <\/div><\/div><\/div>\n        <\/div>\n    <\/article><\/div>\n            <div class=\"clearfix\"><\/div>\n        <\/div>\t\t\t\t<\/div>\n\t\t\t\t<\/div>\n\t\t\t\t\t<\/div>\n\t\t\t\t<\/div>\n\t\t\t\t\t<\/div>\n\t\t\t\t<\/div>\n\t\t\t\t<\/div>","protected":false},"excerpt":{"rendered":"<p>\u00bfQu\u00e9 hacemos? Luchamos para que Am\u00e9rica Latina y El Caribe, sea un territorio en d\u00f3nde las mujeres y las personas con capacidad de abortar pueden hacerlo con autonom\u00eda, acompa\u00f1adas por feministas que promueven el aborto libre y acompa\u00f1an desde la justicia social, la felicidad, el placer y el gozo. Por eso, la Red Compa\u00f1era, es [&hellip;]<\/p>\n","protected":false},"author":1,"featured_media":0,"parent":0,"menu_order":0,"comment_status":"closed","ping_status":"closed","template":"elementor_header_footer","meta":{"_acf_changed":false,"footnotes":""},"class_list":["post-59","page","type-page","status-publish","hentry"],"acf":[],"_links":{"self":[{"href":"https:\/\/redcompafeminista.org\/en\/wp-json\/wp\/v2\/pages\/59","targetHints":{"allow":["GET"]}}],"collection":[{"href":"https:\/\/redcompafeminista.org\/en\/wp-json\/wp\/v2\/pages"}],"about":[{"href":"https:\/\/redcompafeminista.org\/en\/wp-json\/wp\/v2\/types\/page"}],"author":[{"embeddable":true,"href":"https:\/\/redcompafeminista.org\/en\/wp-json\/wp\/v2\/users\/1"}],"replies":[{"embeddable":true,"href":"https:\/\/redcompafeminista.org\/en\/wp-json\/wp\/v2\/comments?post=59"}],"version-history":[{"count":14,"href":"https:\/\/redcompafeminista.org\/en\/wp-json\/wp\/v2\/pages\/59\/revisions"}],"predecessor-version":[{"id":4087,"href":"https:\/\/redcompafeminista.org\/en\/wp-json\/wp\/v2\/pages\/59\/revisions\/4087"}],"wp:attachment":[{"href":"https:\/\/redcompafeminista.org\/en\/wp-json\/wp\/v2\/media?parent=59"}],"curies":[{"name":"wp","href":"https:\/\/api.w.org\/{rel}","templated":true}]}}